{"id":15957,"date":"2017-02-21T17:07:32","date_gmt":"2017-02-21T20:07:32","guid":{"rendered":"http:\/\/capitalelevadores.com.br\/site\/?page_id=15957"},"modified":"2020-10-15T21:13:53","modified_gmt":"2020-10-16T00:13:53","slug":"dicas-2","status":"publish","type":"page","link":"https:\/\/capitalelevadores.com.br\/site\/dicas-2\/","title":{"rendered":"Dicas"},"content":{"rendered":"<p>[vc_row row_type=&#8221;row&#8221; use_row_as_full_screen_section=&#8221;no&#8221; type=&#8221;full_width&#8221; angled_section=&#8221;no&#8221; text_align=&#8221;left&#8221; background_image_as_pattern=&#8221;without_pattern&#8221; css_animation=&#8221;&#8221;][vc_column]<div class='q_masonry_blog'><article  class='post-16122 post type-post status-publish format-standard has-post-thumbnail hentry category-dicas '><div class=\"q_masonry_blog_post_image\"><a href=\"https:\/\/capitalelevadores.com.br\/site\/como-escolher-o-melhor-elevador\/\" target=\"_self\"><img src=\"https:\/\/capitalelevadores.com.br\/site\/wp-content\/uploads\/2020\/11\/ecomo.jpg\" \/><\/a><\/div><div class=\"q_masonry_blog_post_text\"><h5 class=\"q_masonry_blog_title \"><a href=\"https:\/\/capitalelevadores.com.br\/site\/como-escolher-o-melhor-elevador\/\">Como escolher o melhor elevador<\/a><\/h5><p class=\"q_masonry_blog_excerpt\">O primeiro passo para se definir a dimens\u00e3o dos elevadores \u00e9 ter sempre em mente quais s\u00e3o as caracter\u00edsticas do im\u00f3vel. O elevador tem objetivo funcional dentro da constru\u00e7\u00e3o. Im\u00f3veis com maior fluxo de pessoas precisam de elevadores maiores. Preste aten\u00e7\u00e3o nessas considera\u00e7\u00f5es para a......<\/p><div class=\"q_masonry_blog_post_info\"><\/div><\/div><\/article><article  class='post-16106 post type-post status-publish format-standard has-post-thumbnail hentry category-acessibilidade '><div class=\"q_masonry_blog_post_image\"><a href=\"https:\/\/capitalelevadores.com.br\/site\/as-leis-de-acessibilidade-no-brasil\/\" target=\"_self\"><img src=\"https:\/\/capitalelevadores.com.br\/site\/wp-content\/uploads\/2020\/11\/acessibilidade-no-brasil-elevadores.jpg\" \/><\/a><\/div><div class=\"q_masonry_blog_post_text\"><h5 class=\"q_masonry_blog_title \"><a href=\"https:\/\/capitalelevadores.com.br\/site\/as-leis-de-acessibilidade-no-brasil\/\">As Leis de Acessibilidade no Brasil<\/a><\/h5><p class=\"q_masonry_blog_excerpt\">As leis de acessibilidade no Brasil deram as bases legais para a garantia da acessibilidade em diversas \u00e1reas, como na constru\u00e7\u00e3o civil, nos ve\u00edculos de transporte coletivos, nos sistemas de comunica\u00e7\u00e3o, por meio dos meios de comunica\u00e7\u00e3o. Hoje, \u00e9 poss\u00edvel ver em programas de TV......<\/p><div class=\"q_masonry_blog_post_info\"><\/div><\/div><\/article><article  class='post-16109 post type-post status-publish format-standard has-post-thumbnail hentry category-dicas '><div class=\"q_masonry_blog_post_image\"><a href=\"https:\/\/capitalelevadores.com.br\/site\/cuidados-em-elevadores-durante-a-pandemia\/\" target=\"_self\"><img src=\"https:\/\/capitalelevadores.com.br\/site\/wp-content\/uploads\/2020\/11\/cuidados-covid19-elevadores-1.jpg\" \/><\/a><\/div><div class=\"q_masonry_blog_post_text\"><h5 class=\"q_masonry_blog_title \"><a href=\"https:\/\/capitalelevadores.com.br\/site\/cuidados-em-elevadores-durante-a-pandemia\/\">Cuidados em elevadores durante a pandemia.<\/a><\/h5><p class=\"q_masonry_blog_excerpt\">Durante essa pandemia o importante \u00e9 se prevenir, aqui v\u00e3o algumas dicas para se prevenirem quem utiliza elevadores. 1\u00ba Usar \u00e1lcool v\u00e1rias vezes ao dia. A maioria da cabines contam com um armazenador de \u00e1lcool em gel para estar utilizando, recomendamos que utilizem antes e......<\/p><div class=\"q_masonry_blog_post_info\"><\/div><\/div><\/article><article  class='post-16093 post type-post status-publish format-standard has-post-thumbnail hentry category-manutencao-de-elevadores '><div class=\"q_masonry_blog_post_image\"><a href=\"https:\/\/capitalelevadores.com.br\/site\/o-servico-de-manutencao-e-exclusivo-da-montadora\/\" target=\"_self\"><img src=\"https:\/\/capitalelevadores.com.br\/site\/wp-content\/uploads\/2020\/10\/1.jpg\" \/><\/a><\/div><div class=\"q_masonry_blog_post_text\"><h5 class=\"q_masonry_blog_title \"><a href=\"https:\/\/capitalelevadores.com.br\/site\/o-servico-de-manutencao-e-exclusivo-da-montadora\/\">O Servi\u00e7o de Manuten\u00e7\u00e3o \u00e9 exclusivo da Montadora?<\/a><\/h5><p class=\"q_masonry_blog_excerpt\">Diferente do que muita gente imagina, o conserto e manuten\u00e7\u00e3o de elevadores n\u00e3o \u00e9 exclusividade da empresa que o montou ou ainda daquela que o fabricou. A tecnologia adotada nos elevadores est\u00e1 dispon\u00edvel \u00e0s empresas especializadas, o que proporcionou ao mercado a entrada de prestadores......<\/p><div class=\"q_masonry_blog_post_info\"><\/div><\/div><\/article><article  class='post-16096 post type-post status-publish format-standard has-post-thumbnail hentry category-manutencao-de-elevadores '><div class=\"q_masonry_blog_post_image\"><a href=\"https:\/\/capitalelevadores.com.br\/site\/a-importancia-da-manutencao-de-um-elevador\/\" target=\"_self\"><img src=\"https:\/\/capitalelevadores.com.br\/site\/wp-content\/uploads\/2020\/10\/121530555_1830466300426927_3148852360769775454_n.jpg\" \/><\/a><\/div><div class=\"q_masonry_blog_post_text\"><h5 class=\"q_masonry_blog_title \"><a href=\"https:\/\/capitalelevadores.com.br\/site\/a-importancia-da-manutencao-de-um-elevador\/\">A Import\u00e2ncia da manuten\u00e7\u00e3o de um elevador<\/a><\/h5><p class=\"q_masonry_blog_excerpt\">Da mesma import\u00e2ncia que a estrutura de um pr\u00e9dio necessita de manuten\u00e7\u00e3o peri\u00f3dica, os elevadores precisam de manuten\u00e7\u00e3o regularmente para garantir a seguran\u00e7a operacional e a vida \u00fatil do equipamento. As atividades de manuten\u00e7\u00e3o existem, assim, para evitar a degrada\u00e7\u00e3o do elevador como um todo,......<\/p><div class=\"q_masonry_blog_post_info\"><\/div><\/div><\/article><article  class='post-16100 post type-post status-publish format-standard has-post-thumbnail hentry category-curiosidades '><div class=\"q_masonry_blog_post_image\"><a href=\"https:\/\/capitalelevadores.com.br\/site\/qual-a-durabilidade-de-um-elevador\/\" target=\"_self\"><img src=\"https:\/\/capitalelevadores.com.br\/site\/wp-content\/uploads\/2020\/10\/120904439_1827026414104249_8034672528596264457_n.jpg\" \/><\/a><\/div><div class=\"q_masonry_blog_post_text\"><h5 class=\"q_masonry_blog_title \"><a href=\"https:\/\/capitalelevadores.com.br\/site\/qual-a-durabilidade-de-um-elevador\/\">Qual a durabilidade de um elevador?<\/a><\/h5><p class=\"q_masonry_blog_excerpt\">Muitos eventos podem reduzir a vida \u00fatil de um elevador, incluindo: \u2014 Manuten\u00e7\u00e3o inadequada ou a falta dela; \u2014 Falha na atualiza\u00e7\u00e3o dos componentes para uma nova tecnologia; \u2014 Procedimentos inadequados na instala\u00e7\u00e3o do elevador; \u2014 Uso excessivo e incorreto; \u2014 Transitar com cargas acima......<\/p><div class=\"q_masonry_blog_post_info\"><\/div><\/div><\/article><article  class='post-16119 post type-post status-publish format-standard has-post-thumbnail hentry category-elevador-residencial '><div class=\"q_masonry_blog_post_image\"><a href=\"https:\/\/capitalelevadores.com.br\/site\/7-vantagens-em-ter-um-elevador-residencial\/\" target=\"_self\"><img src=\"https:\/\/capitalelevadores.com.br\/site\/wp-content\/uploads\/2020\/11\/resi.jpg\" \/><\/a><\/div><div class=\"q_masonry_blog_post_text\"><h5 class=\"q_masonry_blog_title \"><a href=\"https:\/\/capitalelevadores.com.br\/site\/7-vantagens-em-ter-um-elevador-residencial\/\">7 Vantagens em ter um elevador residencial<\/a><\/h5><p class=\"q_masonry_blog_excerpt\">Os tempos mudaram e os elevadores residenciais n\u00e3o s\u00e3o mais apenas um artigo de luxo. O custo dos materiais diminuiu significativamente e, com as inova\u00e7\u00f5es do setor, os elevadores residenciais est\u00e3o se tornando cada vez mais uma adi\u00e7\u00e3o pr\u00e1tica \u00e0 casa. Os estilos de vida......<\/p><div class=\"q_masonry_blog_post_info\"><\/div><\/div><\/article><article  class='post-16115 post type-post status-publish format-standard has-post-thumbnail hentry category-dicas '><div class=\"q_masonry_blog_post_image\"><a href=\"https:\/\/capitalelevadores.com.br\/site\/saiba-como-economizar-energia-de-seu-elevador\/\" target=\"_self\"><img src=\"https:\/\/capitalelevadores.com.br\/site\/wp-content\/uploads\/2020\/11\/energia.jpg\" \/><\/a><\/div><div class=\"q_masonry_blog_post_text\"><h5 class=\"q_masonry_blog_title \"><a href=\"https:\/\/capitalelevadores.com.br\/site\/saiba-como-economizar-energia-de-seu-elevador\/\">Saiba como economizar energia de seu elevador<\/a><\/h5><p class=\"q_masonry_blog_excerpt\">Cortar os gastos de um condom\u00ednio est\u00e1 na lista de prioridades de s\u00edndicos e administradores. A tarefa n\u00e3o \u00e9 f\u00e1cil, mas \u00e9 necess\u00e1ria. E com um bom planejamento \u00e9 poss\u00edvel encontrar sa\u00eddas para diminuir a conta no final do m\u00eas. Diminuir o consumo de energia......<\/p><div class=\"q_masonry_blog_post_info\"><\/div><\/div><\/article><article  class='post-16125 post type-post status-publish format-standard has-post-thumbnail hentry category-dicas '><div class=\"q_masonry_blog_post_image\"><a href=\"https:\/\/capitalelevadores.com.br\/site\/quando-e-porque-modernizar-seu-elevador\/\" target=\"_self\"><img src=\"https:\/\/capitalelevadores.com.br\/site\/wp-content\/uploads\/2020\/11\/modernizar-1.jpg\" \/><\/a><\/div><div class=\"q_masonry_blog_post_text\"><h5 class=\"q_masonry_blog_title \"><a href=\"https:\/\/capitalelevadores.com.br\/site\/quando-e-porque-modernizar-seu-elevador\/\">Quando e porque modernizar seu elevador?<\/a><\/h5><p class=\"q_masonry_blog_excerpt\">A moderniza\u00e7\u00e3o \u00e9 uma forma de oferecer ao cliente inova\u00e7\u00f5es do meio, atrav\u00e9s de atualiza\u00e7\u00f5es e adequa\u00e7\u00f5es das normas t\u00e9cnicas; O elevador deve ser modernizado quando apresentar inseguran\u00e7a aos usu\u00e1rios, mesmo ap\u00f3s as manuten\u00e7\u00f5es devidas, tamb\u00e9m para renova\u00e7\u00e3o est\u00e9tica. Com a moderniza\u00e7\u00e3o o cliente ganha......<\/p><div class=\"q_masonry_blog_post_info\"><\/div><\/div><\/article><\/div>[\/vc_column][\/vc_row][vc_row row_type=&#8221;row&#8221; use_row_as_full_screen_section=&#8221;no&#8221; type=&#8221;full_width&#8221; angled_section=&#8221;no&#8221; text_align=&#8221;left&#8221; background_image_as_pattern=&#8221;without_pattern&#8221; css_animation=&#8221;&#8221;][vc_column][vc_column_text]<\/p>\n<p>&nbsp;<\/p>\n<p>[\/vc_column_text][\/vc_column][\/vc_row]<\/p>\n","protected":false},"excerpt":{"rendered":"<p>[vc_row row_type=&#8221;row&#8221; use_row_as_full_screen_section=&#8221;no&#8221; type=&#8221;full_width&#8221; angled_section=&#8221;no&#8221; text_align=&#8221;left&#8221; background_image_as_pattern=&#8221;without_pattern&#8221; css_animation=&#8221;&#8221;][vc_column][\/vc_column][\/vc_row][vc_row row_type=&#8221;row&#8221; use_row_as_full_screen_section=&#8221;no&#8221; type=&#8221;full_width&#8221; angled_section=&#8221;no&#8221; text_align=&#8221;left&#8221; background_image_as_pattern=&#8221;without_pattern&#8221; css_animation=&#8221;&#8221;][vc_column][vc_column_text] &nbsp; [\/vc_column_text][\/vc_column][\/vc_row]<\/p>\n","protected":false},"author":1,"featured_media":0,"parent":0,"menu_order":0,"comment_status":"closed","ping_status":"closed","template":"","meta":[],"_links":{"self":[{"href":"https:\/\/capitalelevadores.com.br\/site\/wp-json\/wp\/v2\/pages\/15957"}],"collection":[{"href":"https:\/\/capitalelevadores.com.br\/site\/wp-json\/wp\/v2\/pages"}],"about":[{"href":"https:\/\/capitalelevadores.com.br\/site\/wp-json\/wp\/v2\/types\/page"}],"author":[{"embeddable":true,"href":"https:\/\/capitalelevadores.com.br\/site\/wp-json\/wp\/v2\/users\/1"}],"replies":[{"embeddable":true,"href":"https:\/\/capitalelevadores.com.br\/site\/wp-json\/wp\/v2\/comments?post=15957"}],"version-history":[{"count":7,"href":"https:\/\/capitalelevadores.com.br\/site\/wp-json\/wp\/v2\/pages\/15957\/revisions"}],"predecessor-version":[{"id":16103,"href":"https:\/\/capitalelevadores.com.br\/site\/wp-json\/wp\/v2\/pages\/15957\/revisions\/16103"}],"wp:attachment":[{"href":"https:\/\/capitalelevadores.com.br\/site\/wp-json\/wp\/v2\/media?parent=15957"}],"curies":[{"name":"wp","href":"https:\/\/api.w.org\/{rel}","templated":true}]}}