{"id":15775,"date":"2017-02-13T11:44:54","date_gmt":"2017-02-13T14:44:54","guid":{"rendered":"http:\/\/capitalelevadores.com.br\/site\/?page_id=15775"},"modified":"2020-09-03T18:17:08","modified_gmt":"2020-09-03T21:17:08","slug":"capital-elevadores","status":"publish","type":"page","link":"https:\/\/capitalelevadores.com.br\/site\/capital-elevadores\/","title":{"rendered":"CAPITAL ELEVADORES"},"content":{"rendered":"<p>[vc_row row_type=&#8221;row&#8221; use_row_as_full_screen_section=&#8221;no&#8221; type=&#8221;grid&#8221; angled_section=&#8221;no&#8221; text_align=&#8221;left&#8221; background_image_as_pattern=&#8221;without_pattern&#8221; padding_top=&#8221;80&#8243; padding_bottom=&#8221;90&#8243; css_animation=&#8221;&#8221; css=&#8221;.vc_custom_1599167765817{background-image: url(http:\/\/capitalelevadores.com.br\/site\/wp-content\/uploads\/2020\/09\/FUNDO3-4.jpg?id=16069) !important;}&#8221;][vc_column][vc_empty_space][vc_column_text]<\/p>\n<h4 style=\"text-align: justify;\"><span style=\"color: #000000;\">A <strong>Joss Capital Elevadores<\/strong>, empresa consolidada e <strong>atuante h\u00e1 mais de 28 anos no estado de Santa Catarina<\/strong>. Conquistamos ao longo desse per\u00edodo credibilidade e confian\u00e7a de nossos clientes em um mercado bastante competitivo. Atrav\u00e9s de um trabalho de qualidade fomos conquistando novos mercados, baseando-nos sempre em honestidade e transpar\u00eancia que sempre norteou nossas a\u00e7\u00f5es. Somos uma empresa prestadora de servi\u00e7os de manuten\u00e7\u00e3o e moderniza\u00e7\u00e3o de equipamentos desenvolvendo nossas atividades junto a condom\u00ednios residenciais, comerciais, hot\u00e9is, hospitais e outros em tudo o que diz respeito ao transporte vertical.<\/span><\/h4>\n<p>[\/vc_column_text][qode_elements_holder number_of_columns=&#8221;one_column&#8221;][qode_elements_holder_item advanced_animations=&#8221;no&#8221;]<span class='q_social_icon_holder normal_social' data-hover-color=#1abc9c><a href='http:\/\/www.facebook.com' target='_blank'><i class=\"qode_icon_font_awesome fa fa-facebook  simple_social\" style=\"color: #8d8d8d;margin: 0 5px 0 0;font-size: 15px;\" ><\/i><\/a><\/span><span class='q_social_icon_holder normal_social' data-hover-color=#1abc9c><a href='http:\/\/twitter.com' target='_blank'><i class=\"qode_icon_font_awesome fa fa-twitter  simple_social\" style=\"color: #8d8d8d;margin: 0 5px 0 0;font-size: 15px;\" ><\/i><\/a><\/span><span class='q_social_icon_holder normal_social' data-hover-color=#1abc9c><a href='http:\/\/www.pinterest.com' target='_blank'><i class=\"qode_icon_font_awesome fa fa-pinterest  simple_social\" style=\"color: #8d8d8d;margin: 0 5px 0 0;font-size: 15px;\" ><\/i><\/a><\/span><span class='q_social_icon_holder normal_social' data-hover-color=#1abc9c><a href='http:\/\/instagram.com\/' target='_blank'><i class=\"qode_icon_font_awesome fa fa-instagram  simple_social\" style=\"color: #8d8d8d;margin: 0 5px 0 0;font-size: 15px;\" ><\/i><\/a><\/span>[\/qode_elements_holder_item][qode_elements_holder_item advanced_animations=&#8221;no&#8221;][vc_column_text][\/vc_column_text][\/qode_elements_holder_item][\/qode_elements_holder][vc_empty_space height=&#8221;64px&#8221;][vc_empty_space][\/vc_column][\/vc_row][vc_row row_type=&#8221;row&#8221; use_row_as_full_screen_section=&#8221;no&#8221; type=&#8221;grid&#8221; angled_section=&#8221;no&#8221; text_align=&#8221;left&#8221; background_image_as_pattern=&#8221;without_pattern&#8221; background_color=&#8221;#005072&#8243; padding_top=&#8221;57&#8243; padding_bottom=&#8221;57&#8243; css_animation=&#8221;&#8221;][vc_column][vc_column_text]<\/p>\n<h2 style=\"text-align: center;\"><span style=\"color: #ffffff;\"><strong>Miss\u00e3o<\/strong><\/span><\/h2>\n<p>[\/vc_column_text][\/vc_column][\/vc_row][vc_row row_type=&#8221;row&#8221; use_row_as_full_screen_section=&#8221;no&#8221; type=&#8221;grid&#8221; angled_section=&#8221;no&#8221; text_align=&#8221;left&#8221; background_image=&#8221;15905&#8243; background_image_as_pattern=&#8221;without_pattern&#8221; padding_top=&#8221;80&#8243; padding_bottom=&#8221;90&#8243; css_animation=&#8221;&#8221;][vc_column][vc_empty_space height=&#8221;16px&#8221;][vc_row_inner row_type=&#8221;row&#8221; type=&#8221;full_width&#8221; text_align=&#8221;left&#8221; css_animation=&#8221;&#8221;][vc_column_inner width=&#8221;1\/3&#8243;][\/vc_column_inner][vc_column_inner width=&#8221;1\/3&#8243;][\/vc_column_inner][vc_column_inner width=&#8221;1\/3&#8243; css=&#8221;.vc_custom_1487001545697{background-color: rgba(0,0,0,0.34) !important;*background-color: rgb(0,0,0) !important;}&#8221;][vc_column_text]<\/p>\n<h4 style=\"text-align: justify;\"><span style=\"color: #ffffff; text-shadow: 1px 1px 10px black;\">Disponibilizar produtos e prestar servi\u00e7os de manuten\u00e7\u00e3o e moderniza\u00e7\u00e3o sempre buscando qualidade e certifica\u00e7\u00f5es nacionais e internacionais, promovendo satisfa\u00e7\u00e3o, conforto, seguran\u00e7a e resultado eficaz.<\/span><\/h4>\n<p>[\/vc_column_text][vc_separator type=&#8221;transparent&#8221; up=&#8221;27&#8243; down=&#8221;0&#8243;][vc_column_text]<\/p>\n<h3><span style=\"color: #ffffff; text-shadow: 1px 1px 10px black;\">VIS\u00c3O<\/span><\/h3>\n<p>[\/vc_column_text][vc_column_text]<\/p>\n<h4 style=\"text-align: justify;\"><span style=\"color: #ffffff; text-shadow: 1px 1px 10px black;\">Ser refer\u00eancia\u00a0no mercado de elevadores.<\/span><\/h4>\n<p>[\/vc_column_text][vc_separator type=&#8221;transparent&#8221; up=&#8221;27&#8243; down=&#8221;0&#8243;][vc_column_text]<\/p>\n<h3><span style=\"color: #ffffff; text-shadow: 1px 1px 10px black;\">VALORES<\/span><\/h3>\n<p>[\/vc_column_text][vc_column_text]<\/p>\n<h4 style=\"text-align: justify;\"><span style=\"color: #ffffff; text-shadow: 1px 1px 10px black;\">&#8211; Credibilidade<\/span><\/h4>\n<h4 style=\"text-align: justify;\"><span style=\"color: #ffffff; text-shadow: 1px 1px 10px black;\">&#8211; Honestidade<\/span><\/h4>\n<h4 style=\"text-align: justify;\"><span style=\"color: #ffffff; text-shadow: 1px 1px 10px black;\">&#8211; Comprometimento<\/span><\/h4>\n<p>[\/vc_column_text][vc_separator type=&#8221;transparent&#8221; up=&#8221;27&#8243; down=&#8221;0&#8243;][\/vc_column_inner][\/vc_row_inner][vc_empty_space height=&#8221;64px&#8221;][vc_empty_space][\/vc_column][\/vc_row]<\/p>\n","protected":false},"excerpt":{"rendered":"<p>[vc_row row_type=&#8221;row&#8221; use_row_as_full_screen_section=&#8221;no&#8221; type=&#8221;grid&#8221; angled_section=&#8221;no&#8221; text_align=&#8221;left&#8221; background_image_as_pattern=&#8221;without_pattern&#8221; padding_top=&#8221;80&#8243; padding_bottom=&#8221;90&#8243; css_animation=&#8221;&#8221; css=&#8221;.vc_custom_1599167765817{background-image: url(http:\/\/capitalelevadores.com.br\/site\/wp-content\/uploads\/2020\/09\/FUNDO3-4.jpg?id=16069) !important;}&#8221;][vc_column][vc_empty_space][vc_column_text] A Joss Capital Elevadores, empresa consolidada e atuante h\u00e1 mais de 28 anos no estado de Santa Catarina. Conquistamos ao longo desse per\u00edodo credibilidade e confian\u00e7a de nossos clientes em um mercado&#8230;<\/p>\n","protected":false},"author":1,"featured_media":0,"parent":0,"menu_order":0,"comment_status":"open","ping_status":"closed","template":"full_width.php","meta":[],"_links":{"self":[{"href":"https:\/\/capitalelevadores.com.br\/site\/wp-json\/wp\/v2\/pages\/15775"}],"collection":[{"href":"https:\/\/capitalelevadores.com.br\/site\/wp-json\/wp\/v2\/pages"}],"about":[{"href":"https:\/\/capitalelevadores.com.br\/site\/wp-json\/wp\/v2\/types\/page"}],"author":[{"embeddable":true,"href":"https:\/\/capitalelevadores.com.br\/site\/wp-json\/wp\/v2\/users\/1"}],"replies":[{"embeddable":true,"href":"https:\/\/capitalelevadores.com.br\/site\/wp-json\/wp\/v2\/comments?post=15775"}],"version-history":[{"count":30,"href":"https:\/\/capitalelevadores.com.br\/site\/wp-json\/wp\/v2\/pages\/15775\/revisions"}],"predecessor-version":[{"id":16072,"href":"https:\/\/capitalelevadores.com.br\/site\/wp-json\/wp\/v2\/pages\/15775\/revisions\/16072"}],"wp:attachment":[{"href":"https:\/\/capitalelevadores.com.br\/site\/wp-json\/wp\/v2\/media?parent=15775"}],"curies":[{"name":"wp","href":"https:\/\/api.w.org\/{rel}","templated":true}]}}