{"id":15600,"date":"2016-07-05T13:03:51","date_gmt":"2016-07-05T16:03:51","guid":{"rendered":"http:\/\/capitalelevadores.com.br\/site\/?page_id=15600"},"modified":"2017-02-13T17:20:26","modified_gmt":"2017-02-13T20:20:26","slug":"modernizacao","status":"publish","type":"page","link":"https:\/\/capitalelevadores.com.br\/site\/modernizacao\/","title":{"rendered":"MODERNIZA\u00c7\u00c3O"},"content":{"rendered":"<p>[vc_row row_type=&#8221;row&#8221; use_row_as_full_screen_section=&#8221;no&#8221; type=&#8221;grid&#8221; angled_section=&#8221;no&#8221; text_align=&#8221;left&#8221; background_image_as_pattern=&#8221;without_pattern&#8221; background_color=&#8221;#efefef&#8221; css_animation=&#8221;&#8221; css=&#8221;.vc_custom_1487015997775{padding-top: 50px !important;padding-bottom: 50px !important;}&#8221;][vc_column width=&#8221;2\/3&#8243;][vc_column_text]<\/p>\n<h3 id=\"u8101-11\"><span style=\"color: #000000;\">QUANDO E PORQUE MODERNIZAR?<\/span><\/h3>\n<h4 id=\"u8101-14\"><span style=\"color: #000000;\">O elevador deve ser modernizado quando apresentar inseguran\u00e7a aos usu\u00e1rios, mesmo ap\u00f3s as manuten\u00e7\u00f5es devidas, tamb\u00e9m para renova\u00e7\u00e3o est\u00e9tica.<\/span><\/h4>\n<h4 id=\"u8101-16\"><span style=\"color: #000000;\">Com a moderniza\u00e7\u00e3o o cliente ganha uma economia de at\u00e9 40% no consumo de energia e todos os usu\u00e1rios ganham em seguran\u00e7a, al\u00e9m de um design moderno.<\/span><\/h4>\n<p>[\/vc_column_text][\/vc_column][vc_column width=&#8221;1\/3&#8243;][vc_empty_space height=&#8221;23px&#8221;][vc_column_text]<\/p>\n<h4><span style=\"color: #000000;\">A <strong>moderniza\u00e7\u00e3o<\/strong> \u00e9 uma forma de oferecer ao cliente inova\u00e7\u00f5es do meio, atrav\u00e9s de atualiza\u00e7\u00f5es e adequa\u00e7\u00f5es das normas t\u00e9cnicas;<\/span><\/h4>\n<p>[\/vc_column_text][\/vc_column][\/vc_row][vc_row row_type=&#8221;row&#8221; use_row_as_full_screen_section=&#8221;no&#8221; type=&#8221;grid&#8221; angled_section=&#8221;no&#8221; text_align=&#8221;left&#8221; background_image_as_pattern=&#8221;without_pattern&#8221; css_animation=&#8221;&#8221; css=&#8221;.vc_custom_1487018548928{padding-top: 50px !important;padding-bottom: 50px !important;}&#8221;][vc_column width=&#8221;1\/2&#8243;][vc_gallery interval=&#8221;3&#8243; images=&#8221;15885,15883,15884&#8243; img_size=&#8221;482&#215;319&#8243;][vc_column_text]<\/p>\n<h3><span style=\"color: #000000;\">T\u00e9cnica<\/span><\/h3>\n<h4><span style=\"color: #000000;\">Tudo que envolve o sistema funcional do elevador como:<\/span><\/h4>\n<p>&nbsp;<\/p>\n<ul>\n<li><span style=\"color: #000000;\">Quadro de Comando;<\/span><\/li>\n<li><span style=\"color: #000000;\">Regulador de Velocidade;<\/span><\/li>\n<li><span style=\"color: #000000;\">Motor Operador de Porta;<\/span><\/li>\n<li><span style=\"color: #000000;\">Abertura de Porta (Lateral, Central);<\/span><\/li>\n<li><span style=\"color: #000000;\">Fechadores de Porta;<\/span><\/li>\n<li><span style=\"color: #000000;\">Indicadores de Posi\u00e7\u00e3o;<\/span><\/li>\n<li><span style=\"color: #000000;\">Botoeiras Cabina e Pavimentos;<\/span><\/li>\n<li><span style=\"color: #000000;\">Conjunto M\u00e1quina de Tra\u00e7\u00e3o;<\/span><\/li>\n<li><span style=\"color: #000000;\">Barreiras Anti Esmagamento;<\/span><\/li>\n<li><span style=\"color: #000000;\">Luz de Emerg\u00eancia\/Sirene;<\/span><\/li>\n<li><span style=\"color: #000000;\">Programa\u00e7\u00f5es Eletr\u00f4nicas;<\/span><\/li>\n<li><span style=\"color: #000000;\">(Duplex, Bloqueios, Estacionamento);<\/span><\/li>\n<li><span style=\"color: #000000;\">Sensores Eletr\u00f4nicos de Leitura;<\/span><\/li>\n<li><span style=\"color: #000000;\">Comando Viva-voz.<\/span><\/li>\n<\/ul>\n<p>[\/vc_column_text][\/vc_column][vc_column width=&#8221;1\/2&#8243;][vc_gallery interval=&#8221;3&#8243; images=&#8221;15880,15879,15881&#8243; img_size=&#8221;482&#215;319&#8243;][vc_column_text]<\/p>\n<h3><span style=\"color: #000000;\">Est\u00e9tica<\/span><\/h3>\n<h4><span style=\"color: #000000;\">Forma de complementar a decora\u00e7\u00e3o e atualiza\u00e7\u00e3o est\u00e9tica do elevador<\/span><\/h4>\n<p>&nbsp;<\/p>\n<ul>\n<li><span style=\"color: #000000;\">Revestimentos Cabina (F\u00f3rmica e A\u00e7o Inox)<\/span><\/li>\n<li><span style=\"color: #000000;\">Sub-Teto (Acr\u00edlico, Colm\u00e9ia e A\u00e7o Inox);<\/span><\/li>\n<li><span style=\"color: #000000;\">Portas Pavimento (Rev. A\u00e7o Inox e Pintura Epoxi);<\/span><\/li>\n<li><span style=\"color: #000000;\">Piso em Granito;<\/span><\/li>\n<li><span style=\"color: #000000;\">Espelho Bisote;<\/span><\/li>\n<li><span style=\"color: #000000;\">Corrim\u00e3o e Rodap\u00e9;<\/span><\/li>\n<li><span style=\"color: #000000;\">Ventilador \/ Exaustor;<\/span><\/li>\n<li><span style=\"color: #000000;\">Intercomunicadores;<\/span><\/li>\n<li><span style=\"color: #000000;\">Acess\u00f3rios e Acolchoados de mudan\u00e7a.<\/span><\/li>\n<\/ul>\n<p>[\/vc_column_text][\/vc_column][\/vc_row]<\/p>\n","protected":false},"excerpt":{"rendered":"<p>[vc_row row_type=&#8221;row&#8221; use_row_as_full_screen_section=&#8221;no&#8221; type=&#8221;grid&#8221; angled_section=&#8221;no&#8221; text_align=&#8221;left&#8221; background_image_as_pattern=&#8221;without_pattern&#8221; background_color=&#8221;#efefef&#8221; css_animation=&#8221;&#8221; css=&#8221;.vc_custom_1487015997775{padding-top: 50px !important;padding-bottom: 50px !important;}&#8221;][vc_column width=&#8221;2\/3&#8243;][vc_column_text] QUANDO E PORQUE MODERNIZAR? O elevador deve ser modernizado quando apresentar inseguran\u00e7a aos usu\u00e1rios, mesmo ap\u00f3s as manuten\u00e7\u00f5es devidas, tamb\u00e9m para renova\u00e7\u00e3o est\u00e9tica. Com a moderniza\u00e7\u00e3o o cliente ganha uma&#8230;<\/p>\n","protected":false},"author":1,"featured_media":0,"parent":0,"menu_order":0,"comment_status":"closed","ping_status":"closed","template":"full_width.php","meta":[],"_links":{"self":[{"href":"https:\/\/capitalelevadores.com.br\/site\/wp-json\/wp\/v2\/pages\/15600"}],"collection":[{"href":"https:\/\/capitalelevadores.com.br\/site\/wp-json\/wp\/v2\/pages"}],"about":[{"href":"https:\/\/capitalelevadores.com.br\/site\/wp-json\/wp\/v2\/types\/page"}],"author":[{"embeddable":true,"href":"https:\/\/capitalelevadores.com.br\/site\/wp-json\/wp\/v2\/users\/1"}],"replies":[{"embeddable":true,"href":"https:\/\/capitalelevadores.com.br\/site\/wp-json\/wp\/v2\/comments?post=15600"}],"version-history":[{"count":17,"href":"https:\/\/capitalelevadores.com.br\/site\/wp-json\/wp\/v2\/pages\/15600\/revisions"}],"predecessor-version":[{"id":15902,"href":"https:\/\/capitalelevadores.com.br\/site\/wp-json\/wp\/v2\/pages\/15600\/revisions\/15902"}],"wp:attachment":[{"href":"https:\/\/capitalelevadores.com.br\/site\/wp-json\/wp\/v2\/media?parent=15600"}],"curies":[{"name":"wp","href":"https:\/\/api.w.org\/{rel}","templated":true}]}}