{"id":15468,"date":"2015-05-29T08:56:58","date_gmt":"2015-05-29T08:56:58","guid":{"rendered":"http:\/\/demo.qodeinteractive.com\/bridge114\/?page_id=15468"},"modified":"2020-10-15T21:05:08","modified_gmt":"2020-10-16T00:05:08","slug":"servicos","status":"publish","type":"page","link":"https:\/\/capitalelevadores.com.br\/site\/servicos\/","title":{"rendered":"ASSIST\u00caNCIA T\u00c9CNICA"},"content":{"rendered":"<p>[vc_row row_type=&#8221;row&#8221; use_row_as_full_screen_section=&#8221;no&#8221; type=&#8221;grid&#8221; angled_section=&#8221;no&#8221; text_align=&#8221;left&#8221; background_image_as_pattern=&#8221;without_pattern&#8221; background_color=&#8221;#efefef&#8221; css_animation=&#8221;&#8221; css=&#8221;.vc_custom_1487015997775{padding-top: 50px !important;padding-bottom: 50px !important;}&#8221;][vc_column][vc_column_text css=&#8221;.vc_custom_1602805274109{padding-bottom: 35px !important;}&#8221;]<\/p>\n<h4><span style=\"color: #000000;\">Possu\u00edmos estrutura para o atendimento externo de qualidade, com processos e equipe \u00e0 sua disposi\u00e7\u00e3o 24h*. Isso nos torna mais eficientes e preventivos. Dispomos de uma equipe preparada para facilitar o seu atendimento.<\/span><\/h4>\n<p>[\/vc_column_text][vc_column_text]<\/p>\n<h3 id=\"u8101-11\"><span style=\"color: #000000;\">Alta qualidade em servi\u00e7os<\/span><\/h3>\n<h4><span style=\"color: #000000;\">A assist\u00eancia disponibiliza seus servi\u00e7os atrav\u00e9s de contratos de presta\u00e7\u00e3o de servi\u00e7os nas modalidades simples e integrais, sempre adequados as necessidades de cada cliente.\u00a0<\/span><\/h4>\n<p>[\/vc_column_text][vc_row_inner row_type=&#8221;row&#8221; type=&#8221;full_width&#8221; text_align=&#8221;left&#8221; css_animation=&#8221;&#8221; css=&#8221;.vc_custom_1602806029702{padding-top: 45px !important;}&#8221;][vc_column_inner width=&#8221;1\/2&#8243;][vc_column_text]<\/p>\n<h4><span style=\"color: #000000;\">Executamos a rotina de <strong>MANUTEN\u00c7\u00c3O PREVENTIVA PROGRAMADA<\/strong> a qual tem a fun\u00e7\u00e3o de manter o(s) equipamento(s) de acordo com as normas t\u00e9cnicas estabelecidas, preservando a perman\u00eancia das condi\u00e7\u00f5es originais do(s) equipamento(s) para uma melhor performance. <\/span><\/h4>\n<p>[\/vc_column_text][\/vc_column_inner][vc_column_inner width=&#8221;1\/2&#8243;][vc_column_text]<\/p>\n<h4><span style=\"color: #000000;\">Na rotina de <strong>MANUTEN\u00c7\u00c3O CORRETIVA<\/strong> prestamos pronto atendimento a chamados ocasionais no(s) elevador(es) quando solicitados pelos clientes. Dispomos de uma equipe de atendimento especializada e treinada, frota de ve\u00edculos e meios de comunica\u00e7\u00e3o atualizados.<\/span><\/h4>\n<p>[\/vc_column_text][\/vc_column_inner][\/vc_row_inner][\/vc_column][\/vc_row][vc_row row_type=&#8221;row&#8221; use_row_as_full_screen_section=&#8221;no&#8221; type=&#8221;grid&#8221; angled_section=&#8221;no&#8221; text_align=&#8221;left&#8221; background_image_as_pattern=&#8221;without_pattern&#8221; css_animation=&#8221;&#8221; css=&#8221;.vc_custom_1602805924772{padding-top: 70px !important;padding-bottom: 70px !important;background-image: url(http:\/\/capitalelevadores.com.br\/site\/wp-content\/uploads\/2020\/10\/ca3-1.jpg?id=16083) !important;}&#8221;][vc_column width=&#8221;1\/2&#8243; css=&#8221;.vc_custom_1602805303624{padding-top: 25px !important;}&#8221;][vc_column_text]<\/p>\n<h1><span style=\"color: #ffffff;\">Solicite um or\u00e7amento sem compromisso da manuten\u00e7\u00e3o do seu elevador!<\/span><\/h1>\n<p>[\/vc_column_text][vc_column_text css=&#8221;.vc_custom_1602806705890{padding-top: 25px !important;padding-bottom: 25px !important;}&#8221;]<span style=\"color: #ffffff;\">Nossa equipe comercial est\u00e1 a disposi\u00e7\u00e3o para analisar e encaminhar uma proposta de acordo com sua necessidade.<\/span>[\/vc_column_text][vc_column_text]<\/p>\n<ul>\n<li><span style=\"color: #ffffff;\"><strong>Manuten\u00e7\u00e3o Preventiva<\/strong><\/span><\/li>\n<li><span style=\"color: #ffffff;\"><strong>Manuten\u00e7\u00e3o Corretiva<\/strong><\/span><\/li>\n<li><span style=\"color: #ffffff;\"><strong>Moderniza\u00e7\u00e3o T\u00e9cnica e Est\u00e9tica<\/strong><\/span><\/li>\n<li><span style=\"color: #ffffff;\"><strong>Itens de Seguran\u00e7a<\/strong><\/span><\/li>\n<li><span style=\"color: #ffffff;\"><strong>Acess\u00f3rios<\/strong><\/span><\/li>\n<\/ul>\n<p>[\/vc_column_text][\/vc_column][vc_column width=&#8221;1\/2&#8243;][vc_column_text]<div data-uniq='69f44a9bef31e' class='uniq-69f44a9bef31e formcraft-css form-live align-left'><div class='form-logic'>[]<\/div><div class=\"fc-pagination-cover fc-pagination-1\">\n\t\t\t\t\t\t<div class=\"fc-pagination\" style=\"width: 420px\">\n\t\t\t\t\t\t\t<div class=\"pagination-trigger \" data-index=\"0\">\n\t\t\t\t\t\t\t\t<span class=\"page-number\"><span >1<\/span><\/span>\n\t\t\t\t\t\t\t\t<span class=\"page-name \">Step 1<\/span>\n\t\t\t\t\t\t\t\t\n\t\t\t\t\t\t\t<\/div>\n\t\t\t\t\t\t<\/div>\n\t\t\t\t\t<\/div>\n\t\t\t\t\t\n\t\t\t\t\t<style scoped=\"scoped\" >\n\t\t\t\t\t\t.formcraft-css .fc-form.fc-form-3 .form-element .submit-cover .submit-button,\n\t\t\t\t\t\t.formcraft-css .fc-form.fc-form-3 .form-element .fileupload-cover .button-file,\n\t\t\t\t\t\t.formcraft-css .fc-form.fc-form-3 .form-element .field-cover .button,\n\t\t\t\t\t\t#ui-datepicker-div.fc-datepicker .ui-datepicker-header,\n\t\t\t\t\t\t.formcraft-css .fc-form .stripe-amount-show\n\t\t\t\t\t\t{\n\t\t\t\t\t\t\tbackground-color: #4488ee;\n\t\t\t\t\t\t\tcolor: #fff;\n\t\t\t\t\t\t}\n\t\t\t\t\t\t.formcraft-css .fc-form.fc-form-3 .form-element .slider-cover .ui-slider-range\n\t\t\t\t\t\t{\n\t\t\t\t\t\t\tbackground: #4488ee;\n\t\t\t\t\t\t}\n\t\t\t\t\t\t#ui-datepicker-div.fc-datepicker .ui-datepicker-header,\n\t\t\t\t\t\thtml .formcraft-css .fc-form .field-cover>div.full hr\n\t\t\t\t\t\t{\n\t\t\t\t\t\t\tborder-color: #3b77d1;\n\t\t\t\t\t\t}\n\t\t\t\t\t\t#ui-datepicker-div.fc-datepicker .ui-datepicker-prev:hover,\n\t\t\t\t\t\t#ui-datepicker-div.fc-datepicker .ui-datepicker-next:hover,\n\t\t\t\t\t\t#ui-datepicker-div.fc-datepicker select.ui-datepicker-month:hover,\n\t\t\t\t\t\t#ui-datepicker-div.fc-datepicker select.ui-datepicker-year:hover\n\t\t\t\t\t\t{\n\t\t\t\t\t\t\tbackground-color: #3b77d1;\n\t\t\t\t\t\t}\n\t\t\t\t\t\t.formcraft-css .fc-pagination>div.active .page-number,\n\t\t\t\t\t\t.formcraft-css .form-cover-builder .fc-pagination>div:first-child .page-number\n\t\t\t\t\t\t{\n\t\t\t\t\t\t\tbackground-color: #4488ee;\n\t\t\t\t\t\t\tborder-color: #3b77d1;\n\t\t\t\t\t\t\tcolor: #fff;\n\t\t\t\t\t\t}\n\t\t\t\t\t\t#ui-datepicker-div.fc-datepicker table.ui-datepicker-calendar th,\n\t\t\t\t\t\t#ui-datepicker-div.fc-datepicker table.ui-datepicker-calendar td.ui-datepicker-today a,\n\t\t\t\t\t\t.formcraft-css .fc-form.fc-form-3 .form-element .star-cover label,\n\t\t\t\t\t\thtml .formcraft-css .fc-form.label-floating .form-element .field-cover.has-focus>span,\n\t\t\t\t\t\t.formcraft-css .fc-form.fc-form-3 .form-element .customText-cover a,\n\t\t\t\t\t\thtml .formcraft-css .fc-form .form-element .slider-cover .range-max,\n\t\t\t\t\t\thtml .formcraft-css .fc-form .form-element .slider-cover .range-min,\n\t\t\t\t\t\t.formcraft-css .prev-next>div span:hover\n\t\t\t\t\t\t{\n\t\t\t\t\t\t\tcolor: #4488ee;\n\t\t\t\t\t\t}\n\t\t\t\t\t\t.formcraft-css .fc-form.fc-form-3 .form-element .customText-cover a:hover\n\t\t\t\t\t\t{\n\t\t\t\t\t\t\tcolor: #3b77d1;\n\t\t\t\t\t\t}\n\t\t\t\t\t\thtml .formcraft-css .fc-form.label-floating .form-element .field-cover > span\n\t\t\t\t\t\t{\n\t\t\t\t\t\t\tcolor: #666666;\n\t\t\t\t\t\t}\n\t\t\t\t\t\thtml .formcraft-css .fc-form.label-floating .form-element .field-cover input[type=\"text\"],\n\t\t\t\t\t\thtml .formcraft-css .fc-form.label-floating .form-element .field-cover input[type=\"password\"],\n\t\t\t\t\t\thtml .formcraft-css .fc-form.label-floating .form-element .field-cover input[type=\"tel\"],\n\t\t\t\t\t\thtml .formcraft-css .fc-form.label-floating .form-element .field-cover textarea,\n\t\t\t\t\t\thtml .formcraft-css .fc-form.label-floating .form-element .field-cover select,\n\t\t\t\t\t\thtml .formcraft-css .fc-form.label-floating .form-element .field-cover .time-fields-cover\n\t\t\t\t\t\t{\n\t\t\t\t\t\t\tborder-bottom-color: #666666;\n\t\t\t\t\t\t}\n\t\t\t\t\t\t.formcraft-css .fc-form.fc-form-3 .form-element .star-cover label .star\t\t\t\n\t\t\t\t\t\t{\n\t\t\t\t\t\t\ttext-shadow: 0px 1px 0px #3b77d1;\n\t\t\t\t\t\t}\n\t\t\t\t\t\t.formcraft-css .fc-form.fc-form-3 .form-element .slider-cover .ui-slider-range\n\t\t\t\t\t\t{\n\t\t\t\t\t\t\tbox-shadow: 0px 1px 1px #3b77d1 inset;\n\t\t\t\t\t\t}\n\t\t\t\t\t\t.formcraft-css .fc-form.fc-form-3 .form-element .fileupload-cover .button-file,\n\t\t\t\t\t\t.formcraft-css .fc-form.fc-form-3 .form-element .stripe-amount-show\n\t\t\t\t\t\t{\n\t\t\t\t\t\t\tborder-color: #3b77d1;\n\t\t\t\t\t\t}\n\t\t\t\t\t\t.formcraft-css .fc-form .stripe-cover.field-cover div.stripe-amount-show::before\n\t\t\t\t\t\t{\n\t\t\t\t\t\t\tborder-top-color: #3b77d1;\n\t\t\t\t\t\t}\n\t\t\t\t\t\t.formcraft-css .fc-form .stripe-cover.field-cover div.stripe-amount-show::after\n\t\t\t\t\t\t{\n\t\t\t\t\t\t\tborder-right-color: #4488ee;\n\t\t\t\t\t\t}\n\t\t\t\t\t\t.formcraft-css .fc-form.fc-form-3 .form-element .stripe-amount-show,\n\t\t\t\t\t\t.formcraft-css .fc-form.fc-form-3 .form-element .submit-cover .submit-button .text,\n\t\t\t\t\t\t.formcraft-css .fc-form.fc-form-3 .form-element .field-cover .button\n\t\t\t\t\t\t{\n\t\t\t\t\t\t\ttext-shadow: 1px 0px 3px #3b77d1;\n\t\t\t\t\t\t}\n\t\t\t\t\t\t.formcraft-css .fc-form.fc-form-3 input[type=\"checkbox\"]:checked,\n\t\t\t\t\t\t.formcraft-css .fc-form.fc-form-3 input[type=\"radio\"]:checked\n\t\t\t\t\t\t{\n\t\t\t\t\t\t\tborder-color: ;\n\t\t\t\t\t\t\tbackground-color: ;\t\t\t\t\t\t\n\t\t\t\t\t\t}\n\t\t\t\t\t\t.formcraft-css .fc-form.fc-form-3 input[type=\"checkbox\"]:hover,\n\t\t\t\t\t\t.formcraft-css .fc-form.fc-form-3 input[type=\"radio\"]:hover,\n\t\t\t\t\t\t.formcraft-css .fc-form.fc-form-3 input[type=\"checkbox\"]:focus,\n\t\t\t\t\t\t.formcraft-css .fc-form.fc-form-3 input[type=\"radio\"]:focus,\n\t\t\t\t\t\t.formcraft-css .fc-form.fc-form-3 label:hover>input[type=\"checkbox\"],\n\t\t\t\t\t\t.formcraft-css .fc-form.fc-form-3 label:hover>input[type=\"radio\"]\n\t\t\t\t\t\t{\n\t\t\t\t\t\t\tborder-color: ;\n\t\t\t\t\t\t}\n\t\t\t\t\t\t.formcraft-css .fc-form.fc-form-3 .form-element .form-element-html input[type=\"text\"]:focus,\n\t\t\t\t\t\t.formcraft-css .fc-form.fc-form-3 .form-element .form-element-html input[type=\"password\"]:focus,\n\t\t\t\t\t\t.formcraft-css .fc-form.fc-form-3 .form-element .form-element-html input[type=\"tel\"]:focus,\n\t\t\t\t\t\t.formcraft-css .fc-form.fc-form-3 .form-element .form-element-html input[type=\"color\"]:focus,\n\t\t\t\t\t\t.formcraft-css .fc-form.fc-form-3 .form-element .form-element-html input[type=\"date\"]:focus,\n\t\t\t\t\t\t.formcraft-css .fc-form.fc-form-3 .form-element .form-element-html input[type=\"datetime\"]:focus,\n\t\t\t\t\t\t.formcraft-css .fc-form.fc-form-3 .form-element .form-element-html input[type=\"datetime-local\"]:focus,\n\t\t\t\t\t\t.formcraft-css .fc-form.fc-form-3 .form-element .form-element-html input[type=\"email\"]:focus,\n\t\t\t\t\t\t.formcraft-css .fc-form.fc-form-3 .form-element .form-element-html input[type=\"month\"]:focus,\n\t\t\t\t\t\t.formcraft-css .fc-form.fc-form-3 .form-element .form-element-html input[type=\"number\"]:focus,\n\t\t\t\t\t\t.formcraft-css .fc-form.fc-form-3 .form-element .form-element-html input[type=\"tel\"]:focus,\n\t\t\t\t\t\t.formcraft-css .fc-form.fc-form-3 .form-element .form-element-html input[type=\"password\"]:focus,\n\t\t\t\t\t\t.formcraft-css .fc-form.fc-form-3 .form-element .form-element-html input[type=\"search\"]:focus,\n\t\t\t\t\t\t.formcraft-css .fc-form.fc-form-3 .form-element .form-element-html input[type=\"tel\"]:focus,\n\t\t\t\t\t\t.formcraft-css .fc-form.fc-form-3 .form-element .form-element-html input[type=\"text\"]:focus,\n\t\t\t\t\t\t.formcraft-css .fc-form.fc-form-3 .form-element .form-element-html input[type=\"time\"]:focus,\n\t\t\t\t\t\t.formcraft-css .fc-form.fc-form-3 .form-element .form-element-html input[type=\"url\"]:focus,\n\t\t\t\t\t\t.formcraft-css .fc-form.fc-form-3 .form-element .form-element-html input[type=\"week\"]:focus,\n\t\t\t\t\t\t.formcraft-css .fc-form.fc-form-3 .form-element .form-element-html textarea:focus,\n\t\t\t\t\t\t.formcraft-css .fc-form.fc-form-3 .form-element .form-element-html select:focus\n\t\t\t\t\t\t{\n\t\t\t\t\t\t\tborder-color: #4488ee;\n\t\t\t\t\t\t}\n\t\t\t\t\t\t.formcraft-css .fc-form.fc-form-3\t\t\t\t\t\t{\n\t\t\t\t\t\t\tfont-family: inherit;\n\t\t\t\t\t\t}\n\t\t\t\t\t\thtml .formcraft-css .fc-form.fc-form-3 .form-element input[type=\"text\"],\n\t\t\t\t\t\thtml .formcraft-css .fc-form.fc-form-3 .form-element input[type=\"password\"],\n\t\t\t\t\t\thtml .formcraft-css .fc-form.fc-form-3 .form-element input[type=\"color\"],\n\t\t\t\t\t\thtml .formcraft-css .fc-form.fc-form-3 .form-element input[type=\"date\"],\n\t\t\t\t\t\thtml .formcraft-css .fc-form.fc-form-3 .form-element input[type=\"datetime\"],\n\t\t\t\t\t\thtml .formcraft-css .fc-form.fc-form-3 .form-element input[type=\"datetime-local\"],\n\t\t\t\t\t\thtml .formcraft-css .fc-form.fc-form-3 .form-element input[type=\"email\"],\n\t\t\t\t\t\thtml .formcraft-css .fc-form.fc-form-3 .form-element input[type=\"month\"],\n\t\t\t\t\t\thtml .formcraft-css .fc-form.fc-form-3 .form-element input[type=\"number\"],\n\t\t\t\t\t\thtml .formcraft-css .fc-form.fc-form-3 .form-element input[type=\"search\"],\n\t\t\t\t\t\thtml .formcraft-css .fc-form.fc-form-3 .form-element input[type=\"tel\"],\n\t\t\t\t\t\thtml .formcraft-css .fc-form.fc-form-3 .form-element input[type=\"tel\"],\n\t\t\t\t\t\thtml .formcraft-css .fc-form.fc-form-3 .form-element input[type=\"time\"],\n\t\t\t\t\t\thtml .formcraft-css .fc-form.fc-form-3 .form-element input[type=\"url\"],\n\t\t\t\t\t\thtml .formcraft-css .fc-form.fc-form-3 .form-element input[type=\"week\"],\n\t\t\t\t\t\thtml .formcraft-css .fc-form.fc-form-3 .form-element select,\n\t\t\t\t\t\thtml .formcraft-css .fc-form.fc-form-3 .form-element textarea\n\t\t\t\t\t\t{\n\t\t\t\t\t\t\tbackground-color: ;\n\t\t\t\t\t\t}\n\t\t\t\t\t\thtml .formcraft-css .fc-form.fc-form-3 .form-element .error\n\t\t\t\t\t\t{\n\t\t\t\t\t\t\tbackground: white;\n\t\t\t\t\t\t}\n\t\t\t\t\t\t@media (max-width : 480px) {\n\t\t\t\t\t\t\thtml .dedicated-page,\n\t\t\t\t\t\t\thtml .dedicated-page .formcraft-css .fc-pagination > div.active\n\t\t\t\t\t\t\t{\n\t\t\t\t\t\t\t\tbackground: white;\n\t\t\t\t\t\t\t}\n\t\t\t\t\t\t}\n\t\t\t\t\t<\/style>\n\t\t\t\t\t<div class=\"form-cover\">\n\t\t\t\t\t\t<form data-thousand=\"\" data-decimal=\".\" data-delay=\"\" data-id=\"3\" class=\"fc-form fc-form-3 align- spin- save-form- dont-submit-hidden- remove-asterisk- icons-hide- label-inline frame-visible field-alignment-left   options-fade\" style=\"width: 420px; color: #666666; font-size: 100%; background: white\">\n\t\t\t\t\t\t\t<div class=\"form-page form-page-0\" data-index=\"0\">\n\t\t\t\t\t\t\t\t\n\t\t\t\t\t\t\t\t<div class=\"form-page-content ng-pristine   ng-isolate-scope \">\n\t\t\t\t\t\t\t\t\t<!-- ngRepeat: element in page track by element.identifier --><div data-identifier=\"field1\" data-index=\"0\" style=\"width: 100%\" class=\" form-element form-element-field1 form-element-0 default-false form-element-type-oneLineText is-required-false odd options-false index-false -handle\">\n\t\t\t\t\t\t\t\t\t\t<div class=\"form-element-html\"><div ><div class=\"oneLineText-cover field-cover \"><span class=\"sub-label-false\"><span class=\"main-label\"><span >Nome:<\/span><\/span><span class=\"sub-label\"><\/span><\/span><div><span class=\"error\"><\/span><input type=\"text\" placeholder=\"\" data-field-id=\"field1\" name=\"field1[]\" data-min-char=\"\" data-max-char=\"\" data-val-type=\"\" data-regexp=\"\" data-is-required=\"false\" data-allow-spaces=\"\" class=\"validation-lenient\" data-placement=\"right\" data-toggle=\"tooltip\" tooltip=\"\" data-trigger=\"focus\" data-html=\"true\" data-input-mask=\"\" data-mask-placeholder=\"\" data-original-title=\"\"><i class=\"no-icon\"><\/i><\/div><\/div><\/div><\/div>\n\t\t\t\t\t\t\t\t\t\t\n\t\t\t\t\t\t\t\t\t<\/div><!-- end ngRepeat: element in page track by element.identifier --><div data-identifier=\"field2\" data-index=\"1\" style=\"width: 100%\" class=\" even form-element form-element-field2 form-element-1 default-false form-element-type-email is-required-false options-false index-false -handle\">\n\t\t\t\t\t\t\t\t\t\t<div class=\"form-element-html\"><div ><div class=\"email-cover field-cover \"><span class=\"sub-label-false\"><span class=\"main-label\"><span >Email:<\/span><\/span><span class=\"sub-label\"><\/span><\/span><div><span class=\"error\"><\/span><input placeholder=\"\" data-field-id=\"field2\" type=\"text\" data-val-type=\"email\" data-is-required=\"false\" name=\"field2\" class=\"validation-lenient\" data-placement=\"right\" data-toggle=\"tooltip\" tooltip=\"\" data-trigger=\"focus\" data-html=\"true\" data-original-title=\"\"><i class=\"icon-mail\"><\/i><\/div><\/div><\/div><\/div>\n\t\t\t\t\t\t\t\t\t\t\n\t\t\t\t\t\t\t\t\t<\/div><!-- end ngRepeat: element in page track by element.identifier --><div data-identifier=\"field5\" data-index=\"2\" style=\"width: 100%; position: relative; z-index: 101; left: 0px; top: 0px\" class=\" form-element form-element-field5 default-false form-element-type-oneLineText is-required-false odd -handle form-element-2 options-false index-false\">\n\t\t\t\t\t\t\t\t\t\t<div class=\"form-element-html\"><div ><div class=\"oneLineText-cover field-cover \"><span class=\"sub-label-false\"><span class=\"main-label\"><span >Telefone:<\/span><\/span><span class=\"sub-label\"><\/span><\/span><div><span class=\"error\"><\/span><input type=\"text\" placeholder=\"\" data-field-id=\"field5\" name=\"field5[]\" data-min-char=\"\" data-max-char=\"\" data-val-type=\"\" data-regexp=\"\" data-is-required=\"false\" data-allow-spaces=\"\" class=\"validation-lenient\" data-placement=\"right\" data-toggle=\"tooltip\" tooltip=\"\" data-trigger=\"focus\" data-html=\"true\" data-input-mask=\"\" data-mask-placeholder=\"\" data-original-title=\"\"><i class=\"no-icon\"><\/i><\/div><\/div><\/div><\/div>\n\t\t\t\t\t\t\t\t\t\t\n\t\t\t\t\t\t\t\t\t<\/div><!-- end ngRepeat: element in page track by element.identifier --><div data-identifier=\"field3\" data-index=\"3\" style=\"width: 100%\" class=\" form-element form-element-field3 default-false form-element-type-textarea is-required-false options-false index-false -handle even form-element-3\">\n\t\t\t\t\t\t\t\t\t\t<div class=\"form-element-html\"><div ><div class=\"textarea-cover field-cover \"><span class=\"sub-label-false\"><span class=\"main-label\"><span >Mensagem:<\/span><\/span><span class=\"sub-label\"><\/span><\/span><div><span class=\"error\"><\/span><textarea data-field-id=\"field3\" placeholder=\"\" class=\"validation-lenient\" name=\"field3\" value=\"\" rows=\"5\" data-min-char=\"\" data-max-char=\"\" data-is-required=\"false\" data-placement=\"right\" data-toggle=\"tooltip\" tooltip=\"\" data-trigger=\"focus\" data-html=\"true\" data-original-title=\"\" style=\"min-height: 114px\"><\/textarea><div class=\"count-\"><span class=\"current-count\">0<\/span> \/ <span class=\"max-count \"><\/span><\/div><\/div><\/div><\/div><\/div>\n\t\t\t\t\t\t\t\t\t\t\n\t\t\t\t\t\t\t\t\t<\/div><!-- end ngRepeat: element in page track by element.identifier --><div data-identifier=\"field4\" data-index=\"4\" style=\"width: 100%\" class=\" form-element form-element-field4 default-false form-element-type-submit is-required-false -handle odd form-element-4 options-true index-true\">\n\t\t\t\t\t\t\t\t\t\t<div class=\"form-element-html\"><div ><div class=\"animate-false align-right wide-false submit-cover field-cover\"><button type=\"submit\" class=\"button submit-button\"><span class=\"text \">Enviar<\/span><span class=\"spin-cover\"><i style=\"color:\" class=\"loading-icon icon-cog animate-spin\"><\/i><\/span><\/button><\/div><div class=\"submit-response \"><\/div><input type=\"text\" class=\"required_field \" name=\"website\"><\/div><\/div>\n\t\t\t\t\t\t\t\t\t\t\n\t\t\t\t\t\t\t\t\t<\/div><!-- end ngRepeat: element in page track by element.identifier -->\n\t\t\t\t\t\t\t\t<\/div>\n\t\t\t\t\t\t\t<\/div>\n\t\t\t\t\t\t<\/form>\n\t\t\t\t\t\t<div class=\"prev-next prev-next-1\" style=\"width: 420px; color: #666666; font-size: 100%; background: white\">\n\t\t\t\t\t\t\t<div><input type=\"text\" class=\"ng-pristine  \"><span class=\"inactive page-prev \"><i class=\"icon-angle-left\"><\/i>Previous<\/span><\/div>\n\t\t\t\t\t\t\t<div><input type=\"text\" class=\"ng-pristine  \"><span class=\"page-next \">Next<i class=\"icon-angle-right\"><\/i><\/span><\/div>\n\t\t\t\t\t\t<\/div>\n\t\t\t\t\t<\/div><a class=\"powered-by\" target=\"_blank\" href=\"http:\/\/formcraft-wp.com?source=pb\"\/>FormCraft - WordPress form builder<\/a><\/div>[\/vc_column_text][\/vc_column][\/vc_row]<\/p>\n","protected":false},"excerpt":{"rendered":"<p>[vc_row row_type=&#8221;row&#8221; use_row_as_full_screen_section=&#8221;no&#8221; type=&#8221;grid&#8221; angled_section=&#8221;no&#8221; text_align=&#8221;left&#8221; background_image_as_pattern=&#8221;without_pattern&#8221; background_color=&#8221;#efefef&#8221; css_animation=&#8221;&#8221; css=&#8221;.vc_custom_1487015997775{padding-top: 50px !important;padding-bottom: 50px !important;}&#8221;][vc_column][vc_column_text css=&#8221;.vc_custom_1602805274109{padding-bottom: 35px !important;}&#8221;] Possu\u00edmos estrutura para o atendimento externo de qualidade, com processos e equipe \u00e0 sua disposi\u00e7\u00e3o 24h*. Isso nos torna mais eficientes e preventivos. Dispomos de uma equipe preparada&#8230;<\/p>\n","protected":false},"author":1,"featured_media":0,"parent":0,"menu_order":0,"comment_status":"open","ping_status":"open","template":"full_width.php","meta":[],"_links":{"self":[{"href":"https:\/\/capitalelevadores.com.br\/site\/wp-json\/wp\/v2\/pages\/15468"}],"collection":[{"href":"https:\/\/capitalelevadores.com.br\/site\/wp-json\/wp\/v2\/pages"}],"about":[{"href":"https:\/\/capitalelevadores.com.br\/site\/wp-json\/wp\/v2\/types\/page"}],"author":[{"embeddable":true,"href":"https:\/\/capitalelevadores.com.br\/site\/wp-json\/wp\/v2\/users\/1"}],"replies":[{"embeddable":true,"href":"https:\/\/capitalelevadores.com.br\/site\/wp-json\/wp\/v2\/comments?post=15468"}],"version-history":[{"count":42,"href":"https:\/\/capitalelevadores.com.br\/site\/wp-json\/wp\/v2\/pages\/15468\/revisions"}],"predecessor-version":[{"id":16091,"href":"https:\/\/capitalelevadores.com.br\/site\/wp-json\/wp\/v2\/pages\/15468\/revisions\/16091"}],"wp:attachment":[{"href":"https:\/\/capitalelevadores.com.br\/site\/wp-json\/wp\/v2\/media?parent=15468"}],"curies":[{"name":"wp","href":"https:\/\/api.w.org\/{rel}","templated":true}]}}